{"id":247,"date":"2023-01-24T12:43:14","date_gmt":"2023-01-24T09:43:14","guid":{"rendered":"https:\/\/afsa-group.com\/demo\/?page_id=247"},"modified":"2023-01-24T12:43:14","modified_gmt":"2023-01-24T09:43:14","slug":"suda-cozunur-gubre","status":"publish","type":"page","link":"https:\/\/afsa-group.com\/tr\/suda-cozunur-gubre\/","title":{"rendered":"Suda \u00c7\u00f6z\u00fcn\u00fcr G\u00fcbre"},"content":{"rendered":"","protected":false},"excerpt":{"rendered":"","protected":false},"author":1,"featured_media":0,"parent":0,"menu_order":0,"comment_status":"closed","ping_status":"closed","template":"page-urun-detay.php","meta":{"inline_featured_image":false,"footnotes":""},"class_list":["post-247","page","type-page","status-publish","hentry"],"acf":[],"_links":{"self":[{"href":"https:\/\/afsa-group.com\/tr\/wp-json\/wp\/v2\/pages\/247","targetHints":{"allow":["GET"]}}],"collection":[{"href":"https:\/\/afsa-group.com\/tr\/wp-json\/wp\/v2\/pages"}],"about":[{"href":"https:\/\/afsa-group.com\/tr\/wp-json\/wp\/v2\/types\/page"}],"author":[{"embeddable":true,"href":"https:\/\/afsa-group.com\/tr\/wp-json\/wp\/v2\/users\/1"}],"replies":[{"embeddable":true,"href":"https:\/\/afsa-group.com\/tr\/wp-json\/wp\/v2\/comments?post=247"}],"version-history":[{"count":1,"href":"https:\/\/afsa-group.com\/tr\/wp-json\/wp\/v2\/pages\/247\/revisions"}],"predecessor-version":[{"id":250,"href":"https:\/\/afsa-group.com\/tr\/wp-json\/wp\/v2\/pages\/247\/revisions\/250"}],"wp:attachment":[{"href":"https:\/\/afsa-group.com\/tr\/wp-json\/wp\/v2\/media?parent=247"}],"curies":[{"name":"wp","href":"https:\/\/api.w.org\/{rel}","templated":true}]}}